{"id":336,"date":"2023-02-10T15:44:54","date_gmt":"2023-02-10T15:44:54","guid":{"rendered":"https:\/\/watzumi.elesteam.com\/?post_type=product&#038;p=336"},"modified":"2023-07-26T04:13:57","modified_gmt":"2023-07-26T04:13:57","slug":"figuras-de-decoracion-de-unas","status":"publish","type":"product","link":"https:\/\/watzumi.elesteam.com\/index.php\/producto\/figuras-de-decoracion-de-unas\/","title":{"rendered":"Figuras de decoraci\u00f3n de u\u00f1as"},"content":{"rendered":"","protected":false},"excerpt":{"rendered":"<p>Figuras de decoraci\u00f3n de u\u00f1as (unidad)<\/p>\n","protected":false},"featured_media":342,"template":"","meta":[],"product_cat":[25,38],"product_tag":[],"_links":{"self":[{"href":"https:\/\/watzumi.elesteam.com\/index.php\/wp-json\/wp\/v2\/product\/336"}],"collection":[{"href":"https:\/\/watzumi.elesteam.com\/index.php\/wp-json\/wp\/v2\/product"}],"about":[{"href":"https:\/\/watzumi.elesteam.com\/index.php\/wp-json\/wp\/v2\/types\/product"}],"wp:featuredmedia":[{"embeddable":true,"href":"https:\/\/watzumi.elesteam.com\/index.php\/wp-json\/wp\/v2\/media\/342"}],"wp:attachment":[{"href":"https:\/\/watzumi.elesteam.com\/index.php\/wp-json\/wp\/v2\/media?parent=336"}],"wp:term":[{"taxonomy":"product_cat","embeddable":true,"href":"https:\/\/watzumi.elesteam.com\/index.php\/wp-json\/wp\/v2\/product_cat?post=336"},{"taxonomy":"product_tag","embeddable":true,"href":"https:\/\/watzumi.elesteam.com\/index.php\/wp-json\/wp\/v2\/product_tag?post=336"}],"curies":[{"name":"wp","href":"https:\/\/api.w.org\/{rel}","templated":true}]}}