{"id":338,"date":"2023-02-10T15:50:27","date_gmt":"2023-02-10T15:50:27","guid":{"rendered":"https:\/\/watzumi.elesteam.com\/?post_type=product&#038;p=338"},"modified":"2023-12-08T00:07:51","modified_gmt":"2023-12-08T00:07:51","slug":"pincel-para-decoracion-de-unas","status":"publish","type":"product","link":"https:\/\/watzumi.elesteam.com\/index.php\/producto\/pincel-para-decoracion-de-unas\/","title":{"rendered":"Pincel para decoraci\u00f3n de u\u00f1as"},"content":{"rendered":"","protected":false},"excerpt":{"rendered":"<p>Pincel para decoraci\u00f3n de u\u00f1as<\/p>\n","protected":false},"featured_media":340,"template":"","meta":[],"product_cat":[25,38],"product_tag":[],"_links":{"self":[{"href":"https:\/\/watzumi.elesteam.com\/index.php\/wp-json\/wp\/v2\/product\/338"}],"collection":[{"href":"https:\/\/watzumi.elesteam.com\/index.php\/wp-json\/wp\/v2\/product"}],"about":[{"href":"https:\/\/watzumi.elesteam.com\/index.php\/wp-json\/wp\/v2\/types\/product"}],"wp:featuredmedia":[{"embeddable":true,"href":"https:\/\/watzumi.elesteam.com\/index.php\/wp-json\/wp\/v2\/media\/340"}],"wp:attachment":[{"href":"https:\/\/watzumi.elesteam.com\/index.php\/wp-json\/wp\/v2\/media?parent=338"}],"wp:term":[{"taxonomy":"product_cat","embeddable":true,"href":"https:\/\/watzumi.elesteam.com\/index.php\/wp-json\/wp\/v2\/product_cat?post=338"},{"taxonomy":"product_tag","embeddable":true,"href":"https:\/\/watzumi.elesteam.com\/index.php\/wp-json\/wp\/v2\/product_tag?post=338"}],"curies":[{"name":"wp","href":"https:\/\/api.w.org\/{rel}","templated":true}]}}