{"id":497,"date":"2023-08-24T17:17:45","date_gmt":"2023-08-24T17:17:45","guid":{"rendered":"https:\/\/watzumi.elesteam.com\/?post_type=product&#038;p=497"},"modified":"2024-01-03T00:05:07","modified_gmt":"2024-01-03T00:05:07","slug":"botella-para-ninos-y-ninas","status":"publish","type":"product","link":"https:\/\/watzumi.elesteam.com\/index.php\/producto\/botella-para-ninos-y-ninas\/","title":{"rendered":"Botella para \u00f1inos y ni\u00f1as"},"content":{"rendered":"","protected":false},"excerpt":{"rendered":"<p>Botella para \u00f1inos y ni\u00f1as<\/p>\n","protected":false},"featured_media":498,"template":"","meta":[],"product_cat":[41,28],"product_tag":[],"_links":{"self":[{"href":"https:\/\/watzumi.elesteam.com\/index.php\/wp-json\/wp\/v2\/product\/497"}],"collection":[{"href":"https:\/\/watzumi.elesteam.com\/index.php\/wp-json\/wp\/v2\/product"}],"about":[{"href":"https:\/\/watzumi.elesteam.com\/index.php\/wp-json\/wp\/v2\/types\/product"}],"wp:featuredmedia":[{"embeddable":true,"href":"https:\/\/watzumi.elesteam.com\/index.php\/wp-json\/wp\/v2\/media\/498"}],"wp:attachment":[{"href":"https:\/\/watzumi.elesteam.com\/index.php\/wp-json\/wp\/v2\/media?parent=497"}],"wp:term":[{"taxonomy":"product_cat","embeddable":true,"href":"https:\/\/watzumi.elesteam.com\/index.php\/wp-json\/wp\/v2\/product_cat?post=497"},{"taxonomy":"product_tag","embeddable":true,"href":"https:\/\/watzumi.elesteam.com\/index.php\/wp-json\/wp\/v2\/product_tag?post=497"}],"curies":[{"name":"wp","href":"https:\/\/api.w.org\/{rel}","templated":true}]}}